{"id":1632,"date":"2019-09-05T08:30:36","date_gmt":"2019-09-05T11:30:36","guid":{"rendered":"https:\/\/www.hospitalmyn.gob.ar\/site2019\/?page_id=1632"},"modified":"2021-07-14T11:48:26","modified_gmt":"2021-07-14T14:48:26","slug":"orientacion-medica","status":"publish","type":"page","link":"https:\/\/www.hospitalmyn.gob.ar\/site2019\/?page_id=1632","title":{"rendered":"Orientaci\u00f3n M\u00e9dica"},"content":{"rendered":"\t\t<div data-elementor-type=\"wp-post\" data-elementor-id=\"1632\" class=\"elementor elementor-1632\">\n\t\t\t\t\t\t<section class=\"elementor-section elementor-top-section elementor-element elementor-element-fc61d84 elementor-section-full_width elementor-section-height-default elementor-section-height-default\" data-id=\"fc61d84\" data-element_type=\"section\" data-e-type=\"section\" data-settings=\"{&quot;background_background&quot;:&quot;classic&quot;}\">\n\t\t\t\t\t\t<div class=\"elementor-container elementor-column-gap-default\">\n\t\t\t\t\t<div class=\"elementor-column elementor-col-100 elementor-top-column elementor-element elementor-element-3d90962\" data-id=\"3d90962\" data-element_type=\"column\" data-e-type=\"column\">\n\t\t\t<div class=\"elementor-widget-wrap elementor-element-populated\">\n\t\t\t\t\t\t<div class=\"elementor-element elementor-element-f688cca elementor-widget elementor-widget-heading\" data-id=\"f688cca\" data-element_type=\"widget\" data-e-type=\"widget\" data-widget_type=\"heading.default\">\n\t\t\t\t<div class=\"elementor-widget-container\">\n\t\t\t\t\t<h1 class=\"elementor-heading-title elementor-size-default\">Comunicaci\u00f3n Institucional<\/h1>\t\t\t\t<\/div>\n\t\t\t\t<\/div>\n\t\t\t\t\t<\/div>\n\t\t<\/div>\n\t\t\t\t\t<\/div>\n\t\t<\/section>\n\t\t\t\t<section class=\"elementor-section elementor-top-section elementor-element elementor-element-c5b2a2c elementor-section-boxed elementor-section-height-default elementor-section-height-default\" data-id=\"c5b2a2c\" data-element_type=\"section\" data-e-type=\"section\" data-settings=\"{&quot;background_background&quot;:&quot;classic&quot;}\">\n\t\t\t\t\t\t<div class=\"elementor-container elementor-column-gap-default\">\n\t\t\t\t\t<div class=\"elementor-column elementor-col-100 elementor-top-column elementor-element elementor-element-de785f2\" data-id=\"de785f2\" data-element_type=\"column\" data-e-type=\"column\">\n\t\t\t<div class=\"elementor-widget-wrap elementor-element-populated\">\n\t\t\t\t\t\t<div class=\"elementor-element elementor-element-f1e4fb4 elementor-widget elementor-widget-spacer\" data-id=\"f1e4fb4\" data-element_type=\"widget\" data-e-type=\"widget\" data-widget_type=\"spacer.default\">\n\t\t\t\t<div class=\"elementor-widget-container\">\n\t\t\t\t\t\t\t<div class=\"elementor-spacer\">\n\t\t\t<div class=\"elementor-spacer-inner\"><\/div>\n\t\t<\/div>\n\t\t\t\t\t\t<\/div>\n\t\t\t\t<\/div>\n\t\t\t\t<div class=\"elementor-element elementor-element-3e891e2 elementor-widget elementor-widget-heading\" data-id=\"3e891e2\" data-element_type=\"widget\" data-e-type=\"widget\" data-widget_type=\"heading.default\">\n\t\t\t\t<div class=\"elementor-widget-container\">\n\t\t\t\t\t<h2 class=\"elementor-heading-title elementor-size-default\">Informaci\u00f3n<\/h2>\t\t\t\t<\/div>\n\t\t\t\t<\/div>\n\t\t\t\t<div class=\"elementor-element elementor-element-7d687d6 elementor-widget elementor-widget-text-editor\" data-id=\"7d687d6\" data-element_type=\"widget\" data-e-type=\"widget\" data-widget_type=\"text-editor.default\">\n\t\t\t\t<div class=\"elementor-widget-container\">\n\t\t\t\t\t\t\t\t\t<p>La Oficina de Comunicaci\u00f3n Institucional dise\u00f1a, planifica y gestiona estrategias de comunicaci\u00f3n con los p\u00fablicos (internos y externos) del HMyN, en forma integrada, coordinada y alineada en funci\u00f3n de su visi\u00f3n y objetivos, a fin de favorecer en ellos la formaci\u00f3n de una imagen positiva de la instituci\u00f3n. funciona como un nexo entre el Hospital y la comunidad en general.<\/p><p><br \/>A trav\u00e9s de la difusi\u00f3n de las actividades del quehacer cotidiano, la formaci\u00f3n y capacitaci\u00f3n contribuyendo a la imagen positiva de la Instituci\u00f3n. <br \/>A su vez facilita el acceso del paciente a los servicios hospitalarios.<\/p><p>VALORES<br \/>\u2022 Responsabilidad<br \/>\u2022 Compromiso<br \/>\u2022 \u00c9tica <br \/>\u2022 Creatividad<\/p>\t\t\t\t\t\t\t\t<\/div>\n\t\t\t\t<\/div>\n\t\t\t\t\t<\/div>\n\t\t<\/div>\n\t\t\t\t\t<\/div>\n\t\t<\/section>\n\t\t\t\t<section class=\"elementor-section elementor-top-section elementor-element elementor-element-68527bf elementor-section-boxed elementor-section-height-default elementor-section-height-default\" data-id=\"68527bf\" data-element_type=\"section\" data-e-type=\"section\" data-settings=\"{&quot;background_background&quot;:&quot;classic&quot;}\">\n\t\t\t\t\t\t<div class=\"elementor-container elementor-column-gap-default\">\n\t\t\t\t\t<div class=\"elementor-column elementor-col-100 elementor-top-column elementor-element elementor-element-3f2b720\" data-id=\"3f2b720\" data-element_type=\"column\" data-e-type=\"column\">\n\t\t\t<div class=\"elementor-widget-wrap elementor-element-populated\">\n\t\t\t\t\t\t<div class=\"elementor-element elementor-element-32e51cc elementor-widget elementor-widget-heading\" data-id=\"32e51cc\" data-element_type=\"widget\" data-e-type=\"widget\" data-widget_type=\"heading.default\">\n\t\t\t\t<div class=\"elementor-widget-container\">\n\t\t\t\t\t<h2 class=\"elementor-heading-title elementor-size-default\">Contacto<\/h2>\t\t\t\t<\/div>\n\t\t\t\t<\/div>\n\t\t\t\t<div class=\"elementor-element elementor-element-4ed9ae8 elementor-widget elementor-widget-text-editor\" data-id=\"4ed9ae8\" data-element_type=\"widget\" data-e-type=\"widget\" data-widget_type=\"text-editor.default\">\n\t\t\t\t<div class=\"elementor-widget-container\">\n\t\t\t\t\t\t\t\t\t<ul><li>Tel\u00e9fonos: (0380) 4456900 &#8211; Interno: 4308<\/li><li>\u00a0Mail: comunicacionhmyn@gmail.com<\/li><li>Facebook: hospmynlr<\/li><li>Instagram: hmynlarioja<\/li><li>Twitter: hmynlr<\/li><\/ul>\t\t\t\t\t\t\t\t<\/div>\n\t\t\t\t<\/div>\n\t\t\t\t\t<\/div>\n\t\t<\/div>\n\t\t\t\t\t<\/div>\n\t\t<\/section>\n\t\t\t\t<section class=\"elementor-section elementor-top-section elementor-element elementor-element-30a951d elementor-section-boxed elementor-section-height-default elementor-section-height-default\" data-id=\"30a951d\" data-element_type=\"section\" data-e-type=\"section\">\n\t\t\t\t\t\t<div class=\"elementor-container elementor-column-gap-default\">\n\t\t\t\t\t<div class=\"elementor-column elementor-col-100 elementor-top-column elementor-element elementor-element-4204e45\" data-id=\"4204e45\" data-element_type=\"column\" data-e-type=\"column\">\n\t\t\t<div class=\"elementor-widget-wrap elementor-element-populated\">\n\t\t\t\t\t\t<div class=\"elementor-element elementor-element-5147f04 elementor-widget elementor-widget-video\" data-id=\"5147f04\" data-element_type=\"widget\" data-e-type=\"widget\" data-settings=\"{&quot;youtube_url&quot;:&quot;https:\\\/\\\/youtu.be\\\/OPEk-EsZOTo&quot;,&quot;video_type&quot;:&quot;youtube&quot;,&quot;controls&quot;:&quot;yes&quot;}\" data-widget_type=\"video.default\">\n\t\t\t\t<div class=\"elementor-widget-container\">\n\t\t\t\t\t\t\t<div class=\"elementor-wrapper elementor-open-inline\">\n\t\t\t<div class=\"elementor-video\"><\/div>\t\t<\/div>\n\t\t\t\t\t\t<\/div>\n\t\t\t\t<\/div>\n\t\t\t\t\t<\/div>\n\t\t<\/div>\n\t\t\t\t\t<\/div>\n\t\t<\/section>\n\t\t\t\t<\/div>\n\t\t","protected":false},"excerpt":{"rendered":"<p>Comunicaci\u00f3n Institucional Informaci\u00f3n La Oficina de Comunicaci\u00f3n Institucional dise\u00f1a, planifica y gestiona estrategias de comunicaci\u00f3n con los p\u00fablicos (internos y externos) del HMyN, en forma integrada, coordinada y alineada en funci\u00f3n de su visi\u00f3n y objetivos, a fin de favorecer en ellos la formaci\u00f3n de una imagen positiva de la instituci\u00f3n. funciona como un nexo [&hellip;]<\/p>\n","protected":false},"author":1,"featured_media":0,"parent":0,"menu_order":0,"comment_status":"closed","ping_status":"closed","template":"","meta":{"site-sidebar-layout":"no-sidebar","site-content-layout":"page-builder","ast-site-content-layout":"default","site-content-style":"default","site-sidebar-style":"default","ast-global-header-display":"","ast-banner-title-visibility":"","ast-main-header-display":"","ast-hfb-above-header-display":"","ast-hfb-below-header-display":"","ast-hfb-mobile-header-display":"","site-post-title":"disabled","ast-breadcrumbs-content":"","ast-featured-img":"disabled","footer-sml-layout":"","theme-transparent-header-meta":"","adv-header-id-meta":"","stick-header-meta":"","header-above-stick-meta":"","header-main-stick-meta":"","header-below-stick-meta":"","astra-migrate-meta-layouts":"default","ast-page-background-enabled":"default","ast-page-background-meta":{"desktop":{"background-color":"","background-image":"","background-repeat":"repeat","background-position":"center center","background-size":"auto","background-attachment":"scroll","background-type":"","background-media":"","overlay-type":"","overlay-color":"","overlay-opacity":"","overlay-gradient":""},"tablet":{"background-color":"","background-image":"","background-repeat":"repeat","background-position":"center center","background-size":"auto","background-attachment":"scroll","background-type":"","background-media":"","overlay-type":"","overlay-color":"","overlay-opacity":"","overlay-gradient":""},"mobile":{"background-color":"","background-image":"","background-repeat":"repeat","background-position":"center center","background-size":"auto","background-attachment":"scroll","background-type":"","background-media":"","overlay-type":"","overlay-color":"","overlay-opacity":"","overlay-gradient":""}},"ast-content-background-meta":{"desktop":{"background-color":"var(--ast-global-color-5)","background-image":"","background-repeat":"repeat","background-position":"center center","background-size":"auto","background-attachment":"scroll","background-type":"","background-media":"","overlay-type":"","overlay-color":"","overlay-opacity":"","overlay-gradient":""},"tablet":{"background-color":"var(--ast-global-color-5)","background-image":"","background-repeat":"repeat","background-position":"center center","background-size":"auto","background-attachment":"scroll","background-type":"","background-media":"","overlay-type":"","overlay-color":"","overlay-opacity":"","overlay-gradient":""},"mobile":{"background-color":"var(--ast-global-color-5)","background-image":"","background-repeat":"repeat","background-position":"center center","background-size":"auto","background-attachment":"scroll","background-type":"","background-media":"","overlay-type":"","overlay-color":"","overlay-opacity":"","overlay-gradient":""}},"footnotes":""},"class_list":["post-1632","page","type-page","status-publish","hentry"],"yoast_head":"<!-- This site is optimized with the Yoast SEO plugin v27.4 - https:\/\/yoast.com\/product\/yoast-seo-wordpress\/ -->\n<title>Orientaci\u00f3n M\u00e9dica - Hospital de la Madre y el Ni\u00f1o<\/title>\n<meta name=\"robots\" content=\"index, follow, max-snippet:-1, max-image-preview:large, max-video-preview:-1\" \/>\n<link rel=\"canonical\" href=\"https:\/\/www.hospitalmyn.gob.ar\/site2019\/?page_id=1632\" \/>\n<meta property=\"og:locale\" content=\"es_ES\" \/>\n<meta property=\"og:type\" content=\"article\" \/>\n<meta property=\"og:title\" content=\"Orientaci\u00f3n M\u00e9dica - Hospital de la Madre y el Ni\u00f1o\" \/>\n<meta property=\"og:description\" content=\"Comunicaci\u00f3n Institucional Informaci\u00f3n La Oficina de Comunicaci\u00f3n Institucional dise\u00f1a, planifica y gestiona estrategias de comunicaci\u00f3n con los p\u00fablicos (internos y externos) del HMyN, en forma integrada, coordinada y alineada en funci\u00f3n de su visi\u00f3n y objetivos, a fin de favorecer en ellos la formaci\u00f3n de una imagen positiva de la instituci\u00f3n. funciona como un nexo [&hellip;]\" \/>\n<meta property=\"og:url\" content=\"https:\/\/www.hospitalmyn.gob.ar\/site2019\/?page_id=1632\" \/>\n<meta property=\"og:site_name\" content=\"Hospital de la Madre y el Ni\u00f1o\" \/>\n<meta property=\"article:modified_time\" content=\"2021-07-14T14:48:26+00:00\" \/>\n<meta name=\"twitter:card\" content=\"summary_large_image\" \/>\n<meta name=\"twitter:label1\" content=\"Tiempo de lectura\" \/>\n\t<meta name=\"twitter:data1\" content=\"1 minuto\" \/>\n<script type=\"application\/ld+json\" class=\"yoast-schema-graph\">{\"@context\":\"https:\\\/\\\/schema.org\",\"@graph\":[{\"@type\":\"WebPage\",\"@id\":\"https:\\\/\\\/www.hospitalmyn.gob.ar\\\/site2019\\\/?page_id=1632\",\"url\":\"https:\\\/\\\/www.hospitalmyn.gob.ar\\\/site2019\\\/?page_id=1632\",\"name\":\"Orientaci\u00f3n M\u00e9dica - Hospital de la Madre y el Ni\u00f1o\",\"isPartOf\":{\"@id\":\"https:\\\/\\\/www.hospitalmyn.gob.ar\\\/site2019\\\/#website\"},\"datePublished\":\"2019-09-05T11:30:36+00:00\",\"dateModified\":\"2021-07-14T14:48:26+00:00\",\"breadcrumb\":{\"@id\":\"https:\\\/\\\/www.hospitalmyn.gob.ar\\\/site2019\\\/?page_id=1632#breadcrumb\"},\"inLanguage\":\"es-AR\",\"potentialAction\":[{\"@type\":\"ReadAction\",\"target\":[\"https:\\\/\\\/www.hospitalmyn.gob.ar\\\/site2019\\\/?page_id=1632\"]}]},{\"@type\":\"BreadcrumbList\",\"@id\":\"https:\\\/\\\/www.hospitalmyn.gob.ar\\\/site2019\\\/?page_id=1632#breadcrumb\",\"itemListElement\":[{\"@type\":\"ListItem\",\"position\":1,\"name\":\"Inicio\",\"item\":\"https:\\\/\\\/www.hospitalmyn.gob.ar\\\/site2019\\\/\"},{\"@type\":\"ListItem\",\"position\":2,\"name\":\"Orientaci\u00f3n M\u00e9dica\"}]},{\"@type\":\"WebSite\",\"@id\":\"https:\\\/\\\/www.hospitalmyn.gob.ar\\\/site2019\\\/#website\",\"url\":\"https:\\\/\\\/www.hospitalmyn.gob.ar\\\/site2019\\\/\",\"name\":\"Hospital de la Madre y el Ni\u00f1o\",\"description\":\"\",\"publisher\":{\"@id\":\"https:\\\/\\\/www.hospitalmyn.gob.ar\\\/site2019\\\/#organization\"},\"potentialAction\":[{\"@type\":\"SearchAction\",\"target\":{\"@type\":\"EntryPoint\",\"urlTemplate\":\"https:\\\/\\\/www.hospitalmyn.gob.ar\\\/site2019\\\/?s={search_term_string}\"},\"query-input\":{\"@type\":\"PropertyValueSpecification\",\"valueRequired\":true,\"valueName\":\"search_term_string\"}}],\"inLanguage\":\"es-AR\"},{\"@type\":\"Organization\",\"@id\":\"https:\\\/\\\/www.hospitalmyn.gob.ar\\\/site2019\\\/#organization\",\"name\":\"Hospital de la Madre y el Ni\u00f1o\",\"url\":\"https:\\\/\\\/www.hospitalmyn.gob.ar\\\/site2019\\\/\",\"logo\":{\"@type\":\"ImageObject\",\"inLanguage\":\"es-AR\",\"@id\":\"https:\\\/\\\/www.hospitalmyn.gob.ar\\\/site2019\\\/#\\\/schema\\\/logo\\\/image\\\/\",\"url\":\"https:\\\/\\\/www.hospitalmyn.gob.ar\\\/site2019\\\/wp-content\\\/uploads\\\/2018\\\/12\\\/LOGOPNG80X80.png\",\"contentUrl\":\"https:\\\/\\\/www.hospitalmyn.gob.ar\\\/site2019\\\/wp-content\\\/uploads\\\/2018\\\/12\\\/LOGOPNG80X80.png\",\"width\":80,\"height\":80,\"caption\":\"Hospital de la Madre y el Ni\u00f1o\"},\"image\":{\"@id\":\"https:\\\/\\\/www.hospitalmyn.gob.ar\\\/site2019\\\/#\\\/schema\\\/logo\\\/image\\\/\"}}]}<\/script>\n<!-- \/ Yoast SEO plugin. -->","yoast_head_json":{"title":"Orientaci\u00f3n M\u00e9dica - Hospital de la Madre y el Ni\u00f1o","robots":{"index":"index","follow":"follow","max-snippet":"max-snippet:-1","max-image-preview":"max-image-preview:large","max-video-preview":"max-video-preview:-1"},"canonical":"https:\/\/www.hospitalmyn.gob.ar\/site2019\/?page_id=1632","og_locale":"es_ES","og_type":"article","og_title":"Orientaci\u00f3n M\u00e9dica - Hospital de la Madre y el Ni\u00f1o","og_description":"Comunicaci\u00f3n Institucional Informaci\u00f3n La Oficina de Comunicaci\u00f3n Institucional dise\u00f1a, planifica y gestiona estrategias de comunicaci\u00f3n con los p\u00fablicos (internos y externos) del HMyN, en forma integrada, coordinada y alineada en funci\u00f3n de su visi\u00f3n y objetivos, a fin de favorecer en ellos la formaci\u00f3n de una imagen positiva de la instituci\u00f3n. funciona como un nexo [&hellip;]","og_url":"https:\/\/www.hospitalmyn.gob.ar\/site2019\/?page_id=1632","og_site_name":"Hospital de la Madre y el Ni\u00f1o","article_modified_time":"2021-07-14T14:48:26+00:00","twitter_card":"summary_large_image","twitter_misc":{"Tiempo de lectura":"1 minuto"},"schema":{"@context":"https:\/\/schema.org","@graph":[{"@type":"WebPage","@id":"https:\/\/www.hospitalmyn.gob.ar\/site2019\/?page_id=1632","url":"https:\/\/www.hospitalmyn.gob.ar\/site2019\/?page_id=1632","name":"Orientaci\u00f3n M\u00e9dica - Hospital de la Madre y el Ni\u00f1o","isPartOf":{"@id":"https:\/\/www.hospitalmyn.gob.ar\/site2019\/#website"},"datePublished":"2019-09-05T11:30:36+00:00","dateModified":"2021-07-14T14:48:26+00:00","breadcrumb":{"@id":"https:\/\/www.hospitalmyn.gob.ar\/site2019\/?page_id=1632#breadcrumb"},"inLanguage":"es-AR","potentialAction":[{"@type":"ReadAction","target":["https:\/\/www.hospitalmyn.gob.ar\/site2019\/?page_id=1632"]}]},{"@type":"BreadcrumbList","@id":"https:\/\/www.hospitalmyn.gob.ar\/site2019\/?page_id=1632#breadcrumb","itemListElement":[{"@type":"ListItem","position":1,"name":"Inicio","item":"https:\/\/www.hospitalmyn.gob.ar\/site2019\/"},{"@type":"ListItem","position":2,"name":"Orientaci\u00f3n M\u00e9dica"}]},{"@type":"WebSite","@id":"https:\/\/www.hospitalmyn.gob.ar\/site2019\/#website","url":"https:\/\/www.hospitalmyn.gob.ar\/site2019\/","name":"Hospital de la Madre y el Ni\u00f1o","description":"","publisher":{"@id":"https:\/\/www.hospitalmyn.gob.ar\/site2019\/#organization"},"potentialAction":[{"@type":"SearchAction","target":{"@type":"EntryPoint","urlTemplate":"https:\/\/www.hospitalmyn.gob.ar\/site2019\/?s={search_term_string}"},"query-input":{"@type":"PropertyValueSpecification","valueRequired":true,"valueName":"search_term_string"}}],"inLanguage":"es-AR"},{"@type":"Organization","@id":"https:\/\/www.hospitalmyn.gob.ar\/site2019\/#organization","name":"Hospital de la Madre y el Ni\u00f1o","url":"https:\/\/www.hospitalmyn.gob.ar\/site2019\/","logo":{"@type":"ImageObject","inLanguage":"es-AR","@id":"https:\/\/www.hospitalmyn.gob.ar\/site2019\/#\/schema\/logo\/image\/","url":"https:\/\/www.hospitalmyn.gob.ar\/site2019\/wp-content\/uploads\/2018\/12\/LOGOPNG80X80.png","contentUrl":"https:\/\/www.hospitalmyn.gob.ar\/site2019\/wp-content\/uploads\/2018\/12\/LOGOPNG80X80.png","width":80,"height":80,"caption":"Hospital de la Madre y el Ni\u00f1o"},"image":{"@id":"https:\/\/www.hospitalmyn.gob.ar\/site2019\/#\/schema\/logo\/image\/"}}]}},"_links":{"self":[{"href":"https:\/\/www.hospitalmyn.gob.ar\/site2019\/index.php?rest_route=\/wp\/v2\/pages\/1632","targetHints":{"allow":["GET"]}}],"collection":[{"href":"https:\/\/www.hospitalmyn.gob.ar\/site2019\/index.php?rest_route=\/wp\/v2\/pages"}],"about":[{"href":"https:\/\/www.hospitalmyn.gob.ar\/site2019\/index.php?rest_route=\/wp\/v2\/types\/page"}],"author":[{"embeddable":true,"href":"https:\/\/www.hospitalmyn.gob.ar\/site2019\/index.php?rest_route=\/wp\/v2\/users\/1"}],"replies":[{"embeddable":true,"href":"https:\/\/www.hospitalmyn.gob.ar\/site2019\/index.php?rest_route=%2Fwp%2Fv2%2Fcomments&post=1632"}],"version-history":[{"count":47,"href":"https:\/\/www.hospitalmyn.gob.ar\/site2019\/index.php?rest_route=\/wp\/v2\/pages\/1632\/revisions"}],"predecessor-version":[{"id":2480,"href":"https:\/\/www.hospitalmyn.gob.ar\/site2019\/index.php?rest_route=\/wp\/v2\/pages\/1632\/revisions\/2480"}],"wp:attachment":[{"href":"https:\/\/www.hospitalmyn.gob.ar\/site2019\/index.php?rest_route=%2Fwp%2Fv2%2Fmedia&parent=1632"}],"curies":[{"name":"wp","href":"https:\/\/api.w.org\/{rel}","templated":true}]}}