{"id":2405,"date":"2021-07-13T13:09:59","date_gmt":"2021-07-13T16:09:59","guid":{"rendered":"https:\/\/www.hospitalmyn.gob.ar\/site2019\/?page_id=2405"},"modified":"2021-07-14T11:45:39","modified_gmt":"2021-07-14T14:45:39","slug":"informacion","status":"publish","type":"page","link":"https:\/\/www.hospitalmyn.gob.ar\/site2019\/?page_id=2405","title":{"rendered":"Informaci\u00f3n"},"content":{"rendered":"\t\t<div data-elementor-type=\"wp-page\" data-elementor-id=\"2405\" class=\"elementor elementor-2405\">\n\t\t\t\t\t\t<section class=\"elementor-section elementor-top-section elementor-element elementor-element-001c0b9 elementor-section-boxed elementor-section-height-default elementor-section-height-default\" data-id=\"001c0b9\" data-element_type=\"section\">\n\t\t\t\t\t\t<div class=\"elementor-container elementor-column-gap-default\">\n\t\t\t\t\t<div class=\"elementor-column elementor-col-100 elementor-top-column elementor-element elementor-element-61c3797\" data-id=\"61c3797\" data-element_type=\"column\">\n\t\t\t<div class=\"elementor-widget-wrap elementor-element-populated\">\n\t\t\t\t\t\t<div class=\"elementor-element elementor-element-e672ead elementor-widget elementor-widget-heading\" data-id=\"e672ead\" data-element_type=\"widget\" data-widget_type=\"heading.default\">\n\t\t\t\t<div class=\"elementor-widget-container\">\n\t\t\t\t\t<h2 class=\"elementor-heading-title elementor-size-default\">Salud Mental <\/h2>\t\t\t\t<\/div>\n\t\t\t\t<\/div>\n\t\t\t\t\t<\/div>\n\t\t<\/div>\n\t\t\t\t\t<\/div>\n\t\t<\/section>\n\t\t\t\t<section class=\"elementor-section elementor-top-section elementor-element elementor-element-ad58b58 elementor-section-boxed elementor-section-height-default elementor-section-height-default\" data-id=\"ad58b58\" data-element_type=\"section\">\n\t\t\t\t\t\t\t<div class=\"elementor-background-overlay\"><\/div>\n\t\t\t\t\t\t\t<div class=\"elementor-container elementor-column-gap-default\">\n\t\t\t\t\t<div class=\"elementor-column elementor-col-100 elementor-top-column elementor-element elementor-element-3165b93\" data-id=\"3165b93\" data-element_type=\"column\">\n\t\t\t<div class=\"elementor-widget-wrap elementor-element-populated\">\n\t\t\t\t\t\t<div class=\"elementor-element elementor-element-1f2f351 elementor-widget elementor-widget-text-editor\" data-id=\"1f2f351\" data-element_type=\"widget\" data-widget_type=\"text-editor.default\">\n\t\t\t\t<div class=\"elementor-widget-container\">\n\t\t\t\t\t\t\t\t\t<h3 style=\"text-align: center;\">Informaci\u00f3n\u00a0<\/h3>\t\t\t\t\t\t\t\t<\/div>\n\t\t\t\t<\/div>\n\t\t\t\t\t<\/div>\n\t\t<\/div>\n\t\t\t\t\t<\/div>\n\t\t<\/section>\n\t\t\t\t<section class=\"elementor-section elementor-top-section elementor-element elementor-element-c138307 elementor-section-boxed elementor-section-height-default elementor-section-height-default elementor-invisible\" data-id=\"c138307\" data-element_type=\"section\" data-settings=\"{&quot;animation&quot;:&quot;bounceIn&quot;}\">\n\t\t\t\t\t\t\t<div class=\"elementor-background-overlay\"><\/div>\n\t\t\t\t\t\t\t<div class=\"elementor-container elementor-column-gap-default\">\n\t\t\t\t\t<div class=\"elementor-column elementor-col-33 elementor-top-column elementor-element elementor-element-1a96291\" data-id=\"1a96291\" data-element_type=\"column\">\n\t\t\t<div class=\"elementor-widget-wrap elementor-element-populated\">\n\t\t\t\t\t\t<div class=\"elementor-element elementor-element-a8146a9 elementor-widget elementor-widget-image\" data-id=\"a8146a9\" data-element_type=\"widget\" data-widget_type=\"image.default\">\n\t\t\t\t<div class=\"elementor-widget-container\">\n\t\t\t\t\t\t\t\t\t\t\t\t<figure class=\"wp-caption\">\n\t\t\t\t\t\t\t\t\t\t\t<a href=\"https:\/\/www.hospitalmyn.gob.ar\/site2019\/?p=2414\">\n\t\t\t\t\t\t\t<img fetchpriority=\"high\" decoding=\"async\" width=\"1024\" height=\"569\" src=\"https:\/\/www.hospitalmyn.gob.ar\/site2019\/wp-content\/uploads\/2021\/07\/saludmental_01-1024x569.jpg\" class=\"attachment-large size-large wp-image-2413\" alt=\"\" srcset=\"https:\/\/www.hospitalmyn.gob.ar\/site2019\/wp-content\/uploads\/2021\/07\/saludmental_01-1024x569.jpg 1024w, https:\/\/www.hospitalmyn.gob.ar\/site2019\/wp-content\/uploads\/2021\/07\/saludmental_01-300x167.jpg 300w, https:\/\/www.hospitalmyn.gob.ar\/site2019\/wp-content\/uploads\/2021\/07\/saludmental_01-768x427.jpg 768w, https:\/\/www.hospitalmyn.gob.ar\/site2019\/wp-content\/uploads\/2021\/07\/saludmental_01-e1626365966826.jpg 640w\" sizes=\"(max-width: 1024px) 100vw, 1024px\" \/>\t\t\t\t\t\t\t\t<\/a>\n\t\t\t\t\t\t\t\t\t\t\t<figcaption class=\"widget-image-caption wp-caption-text\">La salud mental es cosa de todas y todos<\/figcaption>\n\t\t\t\t\t\t\t\t\t\t<\/figure>\n\t\t\t\t\t\t\t\t\t<\/div>\n\t\t\t\t<\/div>\n\t\t\t\t\t<\/div>\n\t\t<\/div>\n\t\t\t\t<div class=\"elementor-column elementor-col-33 elementor-top-column elementor-element elementor-element-63cfcf7\" data-id=\"63cfcf7\" data-element_type=\"column\">\n\t\t\t<div class=\"elementor-widget-wrap elementor-element-populated\">\n\t\t\t\t\t\t<div class=\"elementor-element elementor-element-1b880d2 elementor-widget elementor-widget-image\" data-id=\"1b880d2\" data-element_type=\"widget\" data-widget_type=\"image.default\">\n\t\t\t\t<div class=\"elementor-widget-container\">\n\t\t\t\t\t\t\t\t\t\t\t\t<figure class=\"wp-caption\">\n\t\t\t\t\t\t\t\t\t\t\t<a href=\"https:\/\/www.hospitalmyn.gob.ar\/site2019\/?p=2420\">\n\t\t\t\t\t\t\t<img decoding=\"async\" width=\"1024\" height=\"433\" data-src=\"https:\/\/www.hospitalmyn.gob.ar\/site2019\/wp-content\/uploads\/2021\/07\/suicidio-1024x433.jpg\" class=\"attachment-large size-large wp-image-2419 lazyload\" alt=\"\" data-srcset=\"https:\/\/www.hospitalmyn.gob.ar\/site2019\/wp-content\/uploads\/2021\/07\/suicidio-1024x433.jpg 1024w, https:\/\/www.hospitalmyn.gob.ar\/site2019\/wp-content\/uploads\/2021\/07\/suicidio-300x127.jpg 300w, https:\/\/www.hospitalmyn.gob.ar\/site2019\/wp-content\/uploads\/2021\/07\/suicidio-768x325.jpg 768w, https:\/\/www.hospitalmyn.gob.ar\/site2019\/wp-content\/uploads\/2021\/07\/suicidio-1536x650.jpg 1536w, https:\/\/www.hospitalmyn.gob.ar\/site2019\/wp-content\/uploads\/2021\/07\/suicidio-2048x867.jpg 2048w\" data-sizes=\"(max-width: 1024px) 100vw, 1024px\" src=\"data:image\/svg+xml;base64,PHN2ZyB3aWR0aD0iMSIgaGVpZ2h0PSIxIiB4bWxucz0iaHR0cDovL3d3dy53My5vcmcvMjAwMC9zdmciPjwvc3ZnPg==\" style=\"--smush-placeholder-width: 1024px; --smush-placeholder-aspect-ratio: 1024\/433;\" \/>\t\t\t\t\t\t\t\t<\/a>\n\t\t\t\t\t\t\t\t\t\t\t<figcaption class=\"widget-image-caption wp-caption-text\">El suicidio se puede prevenir<\/figcaption>\n\t\t\t\t\t\t\t\t\t\t<\/figure>\n\t\t\t\t\t\t\t\t\t<\/div>\n\t\t\t\t<\/div>\n\t\t\t\t\t<\/div>\n\t\t<\/div>\n\t\t\t\t<div class=\"elementor-column elementor-col-33 elementor-top-column elementor-element elementor-element-27a20ab\" data-id=\"27a20ab\" data-element_type=\"column\">\n\t\t\t<div class=\"elementor-widget-wrap elementor-element-populated\">\n\t\t\t\t\t\t<div class=\"elementor-element elementor-element-26e956c elementor-widget elementor-widget-image\" data-id=\"26e956c\" data-element_type=\"widget\" data-widget_type=\"image.default\">\n\t\t\t\t<div class=\"elementor-widget-container\">\n\t\t\t\t\t\t\t\t\t\t\t\t<figure class=\"wp-caption\">\n\t\t\t\t\t\t\t\t\t\t\t<a href=\"https:\/\/www.hospitalmyn.gob.ar\/site2019\/?p=2428\">\n\t\t\t\t\t\t\t<img decoding=\"async\" width=\"727\" height=\"358\" data-src=\"https:\/\/www.hospitalmyn.gob.ar\/site2019\/wp-content\/uploads\/2021\/07\/adicciones.jpg\" class=\"attachment-large size-large wp-image-2427 lazyload\" alt=\"\" data-srcset=\"https:\/\/www.hospitalmyn.gob.ar\/site2019\/wp-content\/uploads\/2021\/07\/adicciones.jpg 727w, https:\/\/www.hospitalmyn.gob.ar\/site2019\/wp-content\/uploads\/2021\/07\/adicciones-300x148.jpg 300w\" data-sizes=\"(max-width: 727px) 100vw, 727px\" src=\"data:image\/svg+xml;base64,PHN2ZyB3aWR0aD0iMSIgaGVpZ2h0PSIxIiB4bWxucz0iaHR0cDovL3d3dy53My5vcmcvMjAwMC9zdmciPjwvc3ZnPg==\" style=\"--smush-placeholder-width: 727px; --smush-placeholder-aspect-ratio: 727\/358;\" \/>\t\t\t\t\t\t\t\t<\/a>\n\t\t\t\t\t\t\t\t\t\t\t<figcaption class=\"widget-image-caption wp-caption-text\">Alcohol, consumo problem\u00e1tico <\/figcaption>\n\t\t\t\t\t\t\t\t\t\t<\/figure>\n\t\t\t\t\t\t\t\t\t<\/div>\n\t\t\t\t<\/div>\n\t\t\t\t\t<\/div>\n\t\t<\/div>\n\t\t\t\t\t<\/div>\n\t\t<\/section>\n\t\t\t\t<section class=\"elementor-section elementor-top-section elementor-element elementor-element-f02a89c elementor-section-boxed elementor-section-height-default elementor-section-height-default\" data-id=\"f02a89c\" data-element_type=\"section\">\n\t\t\t\t\t\t<div class=\"elementor-container elementor-column-gap-default\">\n\t\t\t\t\t<div class=\"elementor-column elementor-col-100 elementor-top-column elementor-element elementor-element-b1c9929\" data-id=\"b1c9929\" data-element_type=\"column\">\n\t\t\t<div class=\"elementor-widget-wrap elementor-element-populated\">\n\t\t\t\t\t\t<div class=\"elementor-element elementor-element-79a03a7 elementor-widget elementor-widget-spacer\" data-id=\"79a03a7\" data-element_type=\"widget\" data-widget_type=\"spacer.default\">\n\t\t\t\t<div class=\"elementor-widget-container\">\n\t\t\t\t\t\t\t<div class=\"elementor-spacer\">\n\t\t\t<div class=\"elementor-spacer-inner\"><\/div>\n\t\t<\/div>\n\t\t\t\t\t\t<\/div>\n\t\t\t\t<\/div>\n\t\t\t\t\t<\/div>\n\t\t<\/div>\n\t\t\t\t\t<\/div>\n\t\t<\/section>\n\t\t\t\t<section class=\"elementor-section elementor-top-section elementor-element elementor-element-3ab23fa elementor-section-boxed elementor-section-height-default elementor-section-height-default\" data-id=\"3ab23fa\" data-element_type=\"section\">\n\t\t\t\t\t\t<div class=\"elementor-container elementor-column-gap-default\">\n\t\t\t\t\t<div class=\"elementor-column elementor-col-100 elementor-top-column elementor-element elementor-element-e132e0c\" data-id=\"e132e0c\" data-element_type=\"column\">\n\t\t\t<div class=\"elementor-widget-wrap elementor-element-populated\">\n\t\t\t\t\t\t<div class=\"elementor-element elementor-element-027745b elementor-widget elementor-widget-heading\" data-id=\"027745b\" data-element_type=\"widget\" data-widget_type=\"heading.default\">\n\t\t\t\t<div class=\"elementor-widget-container\">\n\t\t\t\t\t<h2 class=\"elementor-heading-title elementor-size-default\">Recomendaciones sobre salud mental<\/h2>\t\t\t\t<\/div>\n\t\t\t\t<\/div>\n\t\t\t\t\t<\/div>\n\t\t<\/div>\n\t\t\t\t\t<\/div>\n\t\t<\/section>\n\t\t\t\t<section class=\"elementor-section elementor-top-section elementor-element elementor-element-74a4b5e elementor-section-boxed elementor-section-height-default elementor-section-height-default\" data-id=\"74a4b5e\" data-element_type=\"section\">\n\t\t\t\t\t\t<div class=\"elementor-container elementor-column-gap-default\">\n\t\t\t\t\t<div class=\"elementor-column elementor-col-100 elementor-top-column elementor-element elementor-element-2f7ac84\" data-id=\"2f7ac84\" data-element_type=\"column\">\n\t\t\t<div class=\"elementor-widget-wrap elementor-element-populated\">\n\t\t\t\t\t\t<div class=\"elementor-element elementor-element-14f3f29 elementor-widget elementor-widget-text-editor\" data-id=\"14f3f29\" data-element_type=\"widget\" data-widget_type=\"text-editor.default\">\n\t\t\t\t<div class=\"elementor-widget-container\">\n\t\t\t\t\t\t\t\t\t<iframe width=\"560\" height=\"315\" data-src=\"https:\/\/www.youtube.com\/embed\/nLQhy9VI660\" title=\"YouTube video player\" frameborder=\"0\" allow=\"accelerometer; autoplay; clipboard-write; encrypted-media; gyroscope; picture-in-picture\" allowfullscreen src=\"data:image\/svg+xml;base64,PHN2ZyB3aWR0aD0iMSIgaGVpZ2h0PSIxIiB4bWxucz0iaHR0cDovL3d3dy53My5vcmcvMjAwMC9zdmciPjwvc3ZnPg==\" class=\"lazyload\" data-load-mode=\"1\"><\/iframe>\t\t\t\t\t\t\t\t<\/div>\n\t\t\t\t<\/div>\n\t\t\t\t\t<\/div>\n\t\t<\/div>\n\t\t\t\t\t<\/div>\n\t\t<\/section>\n\t\t\t\t<\/div>\n\t\t","protected":false},"excerpt":{"rendered":"<p>Salud Mental Informaci\u00f3n\u00a0 La salud mental es cosa de todas y todos El suicidio se puede prevenir Alcohol, consumo problem\u00e1tico Recomendaciones sobre salud mental<\/p>\n","protected":false},"author":1,"featured_media":0,"parent":0,"menu_order":0,"comment_status":"closed","ping_status":"closed","template":"","meta":{"site-sidebar-layout":"no-sidebar","site-content-layout":"page-builder","ast-site-content-layout":"default","site-content-style":"default","site-sidebar-style":"default","ast-global-header-display":"","ast-banner-title-visibility":"","ast-main-header-display":"","ast-hfb-above-header-display":"","ast-hfb-below-header-display":"","ast-hfb-mobile-header-display":"","site-post-title":"disabled","ast-breadcrumbs-content":"","ast-featured-img":"disabled","footer-sml-layout":"","theme-transparent-header-meta":"","adv-header-id-meta":"","stick-header-meta":"","header-above-stick-meta":"","header-main-stick-meta":"","header-below-stick-meta":"","astra-migrate-meta-layouts":"default","ast-page-background-enabled":"default","ast-page-background-meta":{"desktop":{"background-color":"","background-image":"","background-repeat":"repeat","background-position":"center center","background-size":"auto","background-attachment":"scroll","background-type":"","background-media":"","overlay-type":"","overlay-color":"","overlay-opacity":"","overlay-gradient":""},"tablet":{"background-color":"","background-image":"","background-repeat":"repeat","background-position":"center center","background-size":"auto","background-attachment":"scroll","background-type":"","background-media":"","overlay-type":"","overlay-color":"","overlay-opacity":"","overlay-gradient":""},"mobile":{"background-color":"","background-image":"","background-repeat":"repeat","background-position":"center center","background-size":"auto","background-attachment":"scroll","background-type":"","background-media":"","overlay-type":"","overlay-color":"","overlay-opacity":"","overlay-gradient":""}},"ast-content-background-meta":{"desktop":{"background-color":"var(--ast-global-color-5)","background-image":"","background-repeat":"repeat","background-position":"center center","background-size":"auto","background-attachment":"scroll","background-type":"","background-media":"","overlay-type":"","overlay-color":"","overlay-opacity":"","overlay-gradient":""},"tablet":{"background-color":"var(--ast-global-color-5)","background-image":"","background-repeat":"repeat","background-position":"center center","background-size":"auto","background-attachment":"scroll","background-type":"","background-media":"","overlay-type":"","overlay-color":"","overlay-opacity":"","overlay-gradient":""},"mobile":{"background-color":"var(--ast-global-color-5)","background-image":"","background-repeat":"repeat","background-position":"center center","background-size":"auto","background-attachment":"scroll","background-type":"","background-media":"","overlay-type":"","overlay-color":"","overlay-opacity":"","overlay-gradient":""}},"footnotes":""},"class_list":["post-2405","page","type-page","status-publish","hentry"],"yoast_head":"<!-- This site is optimized with the Yoast SEO plugin v26.1.1 - https:\/\/yoast.com\/wordpress\/plugins\/seo\/ -->\n<title>Informaci\u00f3n - Hospital de la Madre y el Ni\u00f1o<\/title>\n<meta name=\"robots\" content=\"index, follow, max-snippet:-1, max-image-preview:large, max-video-preview:-1\" \/>\n<link rel=\"canonical\" href=\"https:\/\/www.hospitalmyn.gob.ar\/site2019\/?page_id=2405\" \/>\n<meta property=\"og:locale\" content=\"es_ES\" \/>\n<meta property=\"og:type\" content=\"article\" \/>\n<meta property=\"og:title\" content=\"Informaci\u00f3n - Hospital de la Madre y el Ni\u00f1o\" \/>\n<meta property=\"og:description\" content=\"Salud Mental Informaci\u00f3n\u00a0 La salud mental es cosa de todas y todos El suicidio se puede prevenir Alcohol, consumo problem\u00e1tico Recomendaciones sobre salud mental\" \/>\n<meta property=\"og:url\" content=\"https:\/\/www.hospitalmyn.gob.ar\/site2019\/?page_id=2405\" \/>\n<meta property=\"og:site_name\" content=\"Hospital de la Madre y el Ni\u00f1o\" \/>\n<meta property=\"article:modified_time\" content=\"2021-07-14T14:45:39+00:00\" \/>\n<meta property=\"og:image\" content=\"https:\/\/www.hospitalmyn.gob.ar\/site2019\/wp-content\/uploads\/2021\/07\/saludmental_01-1024x569.jpg\" \/>\n<meta name=\"twitter:card\" content=\"summary_large_image\" \/>\n<meta name=\"twitter:label1\" content=\"Tiempo de lectura\" \/>\n\t<meta name=\"twitter:data1\" content=\"1 minuto\" \/>\n<script type=\"application\/ld+json\" class=\"yoast-schema-graph\">{\"@context\":\"https:\/\/schema.org\",\"@graph\":[{\"@type\":\"WebPage\",\"@id\":\"https:\/\/www.hospitalmyn.gob.ar\/site2019\/?page_id=2405\",\"url\":\"https:\/\/www.hospitalmyn.gob.ar\/site2019\/?page_id=2405\",\"name\":\"Informaci\u00f3n - Hospital de la Madre y el Ni\u00f1o\",\"isPartOf\":{\"@id\":\"https:\/\/www.hospitalmyn.gob.ar\/site2019\/#website\"},\"primaryImageOfPage\":{\"@id\":\"https:\/\/www.hospitalmyn.gob.ar\/site2019\/?page_id=2405#primaryimage\"},\"image\":{\"@id\":\"https:\/\/www.hospitalmyn.gob.ar\/site2019\/?page_id=2405#primaryimage\"},\"thumbnailUrl\":\"https:\/\/www.hospitalmyn.gob.ar\/site2019\/wp-content\/uploads\/2021\/07\/saludmental_01-1024x569.jpg\",\"datePublished\":\"2021-07-13T16:09:59+00:00\",\"dateModified\":\"2021-07-14T14:45:39+00:00\",\"breadcrumb\":{\"@id\":\"https:\/\/www.hospitalmyn.gob.ar\/site2019\/?page_id=2405#breadcrumb\"},\"inLanguage\":\"es-AR\",\"potentialAction\":[{\"@type\":\"ReadAction\",\"target\":[\"https:\/\/www.hospitalmyn.gob.ar\/site2019\/?page_id=2405\"]}]},{\"@type\":\"ImageObject\",\"inLanguage\":\"es-AR\",\"@id\":\"https:\/\/www.hospitalmyn.gob.ar\/site2019\/?page_id=2405#primaryimage\",\"url\":\"https:\/\/www.hospitalmyn.gob.ar\/site2019\/wp-content\/uploads\/2021\/07\/saludmental_01-e1626365966826.jpg\",\"contentUrl\":\"https:\/\/www.hospitalmyn.gob.ar\/site2019\/wp-content\/uploads\/2021\/07\/saludmental_01-e1626365966826.jpg\",\"width\":640,\"height\":356},{\"@type\":\"BreadcrumbList\",\"@id\":\"https:\/\/www.hospitalmyn.gob.ar\/site2019\/?page_id=2405#breadcrumb\",\"itemListElement\":[{\"@type\":\"ListItem\",\"position\":1,\"name\":\"Inicio\",\"item\":\"https:\/\/www.hospitalmyn.gob.ar\/site2019\/\"},{\"@type\":\"ListItem\",\"position\":2,\"name\":\"Informaci\u00f3n\"}]},{\"@type\":\"WebSite\",\"@id\":\"https:\/\/www.hospitalmyn.gob.ar\/site2019\/#website\",\"url\":\"https:\/\/www.hospitalmyn.gob.ar\/site2019\/\",\"name\":\"Hospital de la Madre y el Ni\u00f1o\",\"description\":\"\",\"publisher\":{\"@id\":\"https:\/\/www.hospitalmyn.gob.ar\/site2019\/#organization\"},\"potentialAction\":[{\"@type\":\"SearchAction\",\"target\":{\"@type\":\"EntryPoint\",\"urlTemplate\":\"https:\/\/www.hospitalmyn.gob.ar\/site2019\/?s={search_term_string}\"},\"query-input\":{\"@type\":\"PropertyValueSpecification\",\"valueRequired\":true,\"valueName\":\"search_term_string\"}}],\"inLanguage\":\"es-AR\"},{\"@type\":\"Organization\",\"@id\":\"https:\/\/www.hospitalmyn.gob.ar\/site2019\/#organization\",\"name\":\"Hospital de la Madre y el Ni\u00f1o\",\"url\":\"https:\/\/www.hospitalmyn.gob.ar\/site2019\/\",\"logo\":{\"@type\":\"ImageObject\",\"inLanguage\":\"es-AR\",\"@id\":\"https:\/\/www.hospitalmyn.gob.ar\/site2019\/#\/schema\/logo\/image\/\",\"url\":\"https:\/\/www.hospitalmyn.gob.ar\/site2019\/wp-content\/uploads\/2018\/12\/LOGOPNG80X80.png\",\"contentUrl\":\"https:\/\/www.hospitalmyn.gob.ar\/site2019\/wp-content\/uploads\/2018\/12\/LOGOPNG80X80.png\",\"width\":80,\"height\":80,\"caption\":\"Hospital de la Madre y el Ni\u00f1o\"},\"image\":{\"@id\":\"https:\/\/www.hospitalmyn.gob.ar\/site2019\/#\/schema\/logo\/image\/\"}}]}<\/script>\n<!-- \/ Yoast SEO plugin. -->","yoast_head_json":{"title":"Informaci\u00f3n - Hospital de la Madre y el Ni\u00f1o","robots":{"index":"index","follow":"follow","max-snippet":"max-snippet:-1","max-image-preview":"max-image-preview:large","max-video-preview":"max-video-preview:-1"},"canonical":"https:\/\/www.hospitalmyn.gob.ar\/site2019\/?page_id=2405","og_locale":"es_ES","og_type":"article","og_title":"Informaci\u00f3n - Hospital de la Madre y el Ni\u00f1o","og_description":"Salud Mental Informaci\u00f3n\u00a0 La salud mental es cosa de todas y todos El suicidio se puede prevenir Alcohol, consumo problem\u00e1tico Recomendaciones sobre salud mental","og_url":"https:\/\/www.hospitalmyn.gob.ar\/site2019\/?page_id=2405","og_site_name":"Hospital de la Madre y el Ni\u00f1o","article_modified_time":"2021-07-14T14:45:39+00:00","og_image":[{"url":"https:\/\/www.hospitalmyn.gob.ar\/site2019\/wp-content\/uploads\/2021\/07\/saludmental_01-1024x569.jpg","type":"","width":"","height":""}],"twitter_card":"summary_large_image","twitter_misc":{"Tiempo de lectura":"1 minuto"},"schema":{"@context":"https:\/\/schema.org","@graph":[{"@type":"WebPage","@id":"https:\/\/www.hospitalmyn.gob.ar\/site2019\/?page_id=2405","url":"https:\/\/www.hospitalmyn.gob.ar\/site2019\/?page_id=2405","name":"Informaci\u00f3n - Hospital de la Madre y el Ni\u00f1o","isPartOf":{"@id":"https:\/\/www.hospitalmyn.gob.ar\/site2019\/#website"},"primaryImageOfPage":{"@id":"https:\/\/www.hospitalmyn.gob.ar\/site2019\/?page_id=2405#primaryimage"},"image":{"@id":"https:\/\/www.hospitalmyn.gob.ar\/site2019\/?page_id=2405#primaryimage"},"thumbnailUrl":"https:\/\/www.hospitalmyn.gob.ar\/site2019\/wp-content\/uploads\/2021\/07\/saludmental_01-1024x569.jpg","datePublished":"2021-07-13T16:09:59+00:00","dateModified":"2021-07-14T14:45:39+00:00","breadcrumb":{"@id":"https:\/\/www.hospitalmyn.gob.ar\/site2019\/?page_id=2405#breadcrumb"},"inLanguage":"es-AR","potentialAction":[{"@type":"ReadAction","target":["https:\/\/www.hospitalmyn.gob.ar\/site2019\/?page_id=2405"]}]},{"@type":"ImageObject","inLanguage":"es-AR","@id":"https:\/\/www.hospitalmyn.gob.ar\/site2019\/?page_id=2405#primaryimage","url":"https:\/\/www.hospitalmyn.gob.ar\/site2019\/wp-content\/uploads\/2021\/07\/saludmental_01-e1626365966826.jpg","contentUrl":"https:\/\/www.hospitalmyn.gob.ar\/site2019\/wp-content\/uploads\/2021\/07\/saludmental_01-e1626365966826.jpg","width":640,"height":356},{"@type":"BreadcrumbList","@id":"https:\/\/www.hospitalmyn.gob.ar\/site2019\/?page_id=2405#breadcrumb","itemListElement":[{"@type":"ListItem","position":1,"name":"Inicio","item":"https:\/\/www.hospitalmyn.gob.ar\/site2019\/"},{"@type":"ListItem","position":2,"name":"Informaci\u00f3n"}]},{"@type":"WebSite","@id":"https:\/\/www.hospitalmyn.gob.ar\/site2019\/#website","url":"https:\/\/www.hospitalmyn.gob.ar\/site2019\/","name":"Hospital de la Madre y el Ni\u00f1o","description":"","publisher":{"@id":"https:\/\/www.hospitalmyn.gob.ar\/site2019\/#organization"},"potentialAction":[{"@type":"SearchAction","target":{"@type":"EntryPoint","urlTemplate":"https:\/\/www.hospitalmyn.gob.ar\/site2019\/?s={search_term_string}"},"query-input":{"@type":"PropertyValueSpecification","valueRequired":true,"valueName":"search_term_string"}}],"inLanguage":"es-AR"},{"@type":"Organization","@id":"https:\/\/www.hospitalmyn.gob.ar\/site2019\/#organization","name":"Hospital de la Madre y el Ni\u00f1o","url":"https:\/\/www.hospitalmyn.gob.ar\/site2019\/","logo":{"@type":"ImageObject","inLanguage":"es-AR","@id":"https:\/\/www.hospitalmyn.gob.ar\/site2019\/#\/schema\/logo\/image\/","url":"https:\/\/www.hospitalmyn.gob.ar\/site2019\/wp-content\/uploads\/2018\/12\/LOGOPNG80X80.png","contentUrl":"https:\/\/www.hospitalmyn.gob.ar\/site2019\/wp-content\/uploads\/2018\/12\/LOGOPNG80X80.png","width":80,"height":80,"caption":"Hospital de la Madre y el Ni\u00f1o"},"image":{"@id":"https:\/\/www.hospitalmyn.gob.ar\/site2019\/#\/schema\/logo\/image\/"}}]}},"_links":{"self":[{"href":"https:\/\/www.hospitalmyn.gob.ar\/site2019\/index.php?rest_route=\/wp\/v2\/pages\/2405","targetHints":{"allow":["GET"]}}],"collection":[{"href":"https:\/\/www.hospitalmyn.gob.ar\/site2019\/index.php?rest_route=\/wp\/v2\/pages"}],"about":[{"href":"https:\/\/www.hospitalmyn.gob.ar\/site2019\/index.php?rest_route=\/wp\/v2\/types\/page"}],"author":[{"embeddable":true,"href":"https:\/\/www.hospitalmyn.gob.ar\/site2019\/index.php?rest_route=\/wp\/v2\/users\/1"}],"replies":[{"embeddable":true,"href":"https:\/\/www.hospitalmyn.gob.ar\/site2019\/index.php?rest_route=%2Fwp%2Fv2%2Fcomments&post=2405"}],"version-history":[{"count":37,"href":"https:\/\/www.hospitalmyn.gob.ar\/site2019\/index.php?rest_route=\/wp\/v2\/pages\/2405\/revisions"}],"predecessor-version":[{"id":2474,"href":"https:\/\/www.hospitalmyn.gob.ar\/site2019\/index.php?rest_route=\/wp\/v2\/pages\/2405\/revisions\/2474"}],"wp:attachment":[{"href":"https:\/\/www.hospitalmyn.gob.ar\/site2019\/index.php?rest_route=%2Fwp%2Fv2%2Fmedia&parent=2405"}],"curies":[{"name":"wp","href":"https:\/\/api.w.org\/{rel}","templated":true}]}}